{"id":681,"date":"2020-02-07T20:18:44","date_gmt":"2020-02-07T19:18:44","guid":{"rendered":"https:\/\/retcon.se\/retcon\/?page_id=681"},"modified":"2026-01-06T00:17:57","modified_gmt":"2026-01-05T23:17:57","slug":"club-retcon-sv","status":"publish","type":"page","link":"https:\/\/retcon.se\/retcon\/club-retcon-sv\/","title":{"rendered":"Club RetCon"},"content":{"rendered":"<p>Numera \u00e4r RetCon en ideell f\u00f6rening!<\/p>\n<p>F\u00f6r en medlemsavgift p\u00e5 275 kronor per \u00e5r kan du bli medlem i den ideella f\u00f6reningen RetCon. Som medlem kommer du att f\u00e5 en rad rabatter och RetCon-material. Bland annat ger medlemskapet hela <em><strong>215 kr i rabatt p\u00e5 biljetten till RetCon 2026<\/strong><\/em>. Alla medlemmar som inte kan n\u00e4rvara p\u00e5 RetCon 2026 kommer att <em><strong>f\u00e5 RetCon-magasinet<\/strong><\/em> hemskickat till sig (mot porto). Medlemmar kommer dessutom att ha <em><strong>f\u00f6rtur p\u00e5 exklusivt RetCon-material<\/strong><\/em> (som exempelvis figurer). Dessutom kommer du som medlem att f\u00e5\u00a05 % p\u00e5 Transformers-b\u00f6cker hos <a href=\"http:\/\/adesmedia.se\/\">Ades Media<\/a>.<\/p>\n<p>F\u00f6r att bli medlem, skicka ett mejl till <a href=\"mailto:info@retcon.se\">info@retcon.se<\/a>, eller passa p\u00e5 att best\u00e4lla medlemskap n\u00e4r du anm\u00e4ler dig till RetCon 2026.<\/p>\n<p>Medlemsavgift: 275 kr per person och \u00e5r, aktuell period \u00e4r oktober 2025 till september 2026.<\/p>\n<p><strong><br \/>\nVarf\u00f6r har vi valt att bli en ideell f\u00f6rening?<br \/>\n<\/strong><\/p>\n<ol>\n<li>Som ideell f\u00f6rening har organisationen en styrelse, vilket g\u00f6r RetCon mindre k\u00e4nsligt f\u00f6r personliga avhopp. Det blir enklare f\u00f6r nytt blod att ta \u00f6ver n\u00e4r \u00e4ldre organisat\u00f6rer l\u00e4mnar sin post. Dessutom skapar det en tydlig v\u00e4g fram\u00e5t f\u00f6r de personer som vill engagera sig mer i RetCon.<\/li>\n<li>Som ideell f\u00f6rening ska inkomsterna gagna medlemmarna. Vi har nu m\u00f6jlighet att spara ihop pengar f\u00f6r att exempelvis, som nu f\u00f6r tredje g\u00e5ngen, flyga \u00f6ver en <a href=\"https:\/\/retcon.se\/retcon\/garry-chalk\/\">amerikansk r\u00f6stsk\u00e5despelare<\/a> till RetCon.<\/li>\n<li>Som en ideell f\u00f6rening blir vi starkare n\u00e4r det handlar om att tillsammans arbeta fram nya medlemsf\u00f6rm\u00e5ner.<\/li>\n<li>Under \u00e5rens lopp har vi f\u00e5tt f\u00f6rfr\u00e5gan av flera personer om det finns m\u00f6jlighet att donera pengar till RetCon. Vi har i stort sett alltid sagt nej till detta eftersom vi har haft som m\u00e5l att RetCon m\u00e5ste g\u00e5 runt p\u00e5 egen hand (det vill s\u00e4ga, intr\u00e4desbiljetterna m\u00e5ste t\u00e4cka alla kostnader). I och med att vi nu har ombildat oss till ideell f\u00f6rening kan folk som inte kan n\u00e4rvara p\u00e5 RetCon \u00e4nd\u00e5 vara med och st\u00f6dja f\u00f6reningen genom sin medlemsavgift (och dessutom f\u00e5 lite medlemsf\u00f6rm\u00e5ner p\u00e5 k\u00f6pet).<\/li>\n<li>Medlemsavgiften g\u00f6r att RetCon f\u00e5r en stabilare ekonomi som inte \u00e4r avh\u00e4ngig p\u00e5 att n\u00e5gra f\u00e5 personer ligger ute med pengar ur egen ficka under en stor del av \u00e5ret.<\/li>\n<li>Den ideella f\u00f6reningen \u00e4r en juridisk person med organisationsnummer, och har d\u00e4rigenom tillg\u00e5ng till bankkonto, bankgiro och swish (se kontouppgifter nedan).<\/li>\n<li>Till sist \u00e4r det ett s\u00e4tt att g\u00f6ra RetCon mer demokratiskt. Alla medlemmar har m\u00f6jlighet att delta p\u00e5 \u00e5rsst\u00e4mman och g\u00f6ra sin r\u00f6st h\u00f6rd.<\/li>\n<\/ol>\n<p>Klicka h\u00e4r f\u00f6r att se <a href=\"https:\/\/retcon.se\/retcon\/stadgar-for-retcon\/\">f\u00f6reningens stadgar<\/a>.<\/p>\n<hr \/>\n<p>Swish: <span class=\"_5yl5\">123 028 76 98<\/span><\/p>\n<p>Bankgiro: 5376-1722.<\/p>\n<p>IBAN: SE83 8000 0816 9569 4792 9698.<br \/>\nBIC (8 tecken): SWEDSESS<br \/>\nBIC (11 tecken): SWEDSESSXXX<\/p>\n<p>PayPal: <span class=\"_5yl5\">mail@retcon.se<\/span><\/p>\n","protected":false},"excerpt":{"rendered":"<p>Numera \u00e4r RetCon en ideell f\u00f6rening! F\u00f6r en medlemsavgift p\u00e5 275 kronor per \u00e5r kan du bli medlem i den ideella f\u00f6reningen RetCon. Som medlem kommer du att f\u00e5 en rad rabatter och RetCon-material. Bland annat ger medlemskapet hela 215 kr i rabatt p\u00e5 biljetten till RetCon 2026. Alla medlemmar som inte kan n\u00e4rvara p\u00e5 &hellip; <a href=\"https:\/\/retcon.se\/retcon\/club-retcon-sv\/\" class=\"more-link\">Continue reading <span class=\"screen-reader-text\">Club RetCon<\/span> <span class=\"meta-nav\">&rarr;<\/span><\/a><\/p>\n","protected":false},"author":1,"featured_media":0,"parent":0,"menu_order":0,"comment_status":"closed","ping_status":"closed","template":"","meta":{"footnotes":""},"class_list":["post-681","page","type-page","status-publish","hentry"],"_links":{"self":[{"href":"https:\/\/retcon.se\/retcon\/wp-json\/wp\/v2\/pages\/681","targetHints":{"allow":["GET"]}}],"collection":[{"href":"https:\/\/retcon.se\/retcon\/wp-json\/wp\/v2\/pages"}],"about":[{"href":"https:\/\/retcon.se\/retcon\/wp-json\/wp\/v2\/types\/page"}],"author":[{"embeddable":true,"href":"https:\/\/retcon.se\/retcon\/wp-json\/wp\/v2\/users\/1"}],"replies":[{"embeddable":true,"href":"https:\/\/retcon.se\/retcon\/wp-json\/wp\/v2\/comments?post=681"}],"version-history":[{"count":9,"href":"https:\/\/retcon.se\/retcon\/wp-json\/wp\/v2\/pages\/681\/revisions"}],"predecessor-version":[{"id":943,"href":"https:\/\/retcon.se\/retcon\/wp-json\/wp\/v2\/pages\/681\/revisions\/943"}],"wp:attachment":[{"href":"https:\/\/retcon.se\/retcon\/wp-json\/wp\/v2\/media?parent=681"}],"curies":[{"name":"wp","href":"https:\/\/api.w.org\/{rel}","templated":true}]}}